{"id":3567,"date":"2026-01-17T15:21:43","date_gmt":"2026-01-17T14:21:43","guid":{"rendered":"https:\/\/imet-ake.sk\/o-nas\/"},"modified":"2026-03-26T13:43:07","modified_gmt":"2026-03-26T12:43:07","slug":"o-nas","status":"publish","type":"page","link":"https:\/\/imet-ake.sk\/cs\/o-nas\/","title":{"rendered":"O n\u00e1s"},"content":{"rendered":"\t\t<div data-elementor-type=\"wp-page\" data-elementor-id=\"3567\" class=\"elementor elementor-3567 elementor-1902\" data-elementor-post-type=\"page\">\n\t\t\t\t<div class=\"elementor-element elementor-element-89ca62d e-flex e-con-boxed e-con e-parent\" data-id=\"89ca62d\" data-element_type=\"container\" data-e-type=\"container\" data-settings=\"{&quot;background_background&quot;:&quot;classic&quot;}\">\n\t\t\t\t\t<div class=\"e-con-inner\">\n\t\t<div class=\"elementor-element elementor-element-d6b923d e-con-full e-flex e-con e-child\" data-id=\"d6b923d\" data-element_type=\"container\" data-e-type=\"container\">\n\t\t\t\t<div class=\"elementor-element elementor-element-7d81ea0 reveal-global elementor-widget elementor-widget-heading\" data-id=\"7d81ea0\" data-element_type=\"widget\" data-e-type=\"widget\" data-widget_type=\"heading.default\">\n\t\t\t\t\t<h1 class=\"elementor-heading-title elementor-size-default\">O n\u00e1s<\/h1>\t\t\t\t<\/div>\n\t\t\t\t<div class=\"elementor-element elementor-element-2efd8e8 elementor-widget elementor-widget-text-editor\" data-id=\"2efd8e8\" data-element_type=\"widget\" data-e-type=\"widget\" data-widget_type=\"text-editor.default\">\n\t\t\t\t\t\t\t\t\t<p>Ve v\u00fdrob\u011b je \u010das v\u00edc ne\u017e jen minutov\u00e1 ru\u010di\u010dka na hodink\u00e1ch. Je to rytmus, jeho\u017e naru\u0161en\u00ed spust\u00ed \u0159et\u011bzovou reakci. Kdy\u017e se v\u00fdroba zastav\u00ed, ztr\u00e1c\u00ed se v\u00edc ne\u017e v\u00fdkon. Ztr\u00e1c\u00ed se jistota.   <\/p>\t\t\t\t\t\t\t\t<\/div>\n\t\t\t\t<div class=\"elementor-element elementor-element-77471f4 elementor-widget elementor-widget-button\" data-id=\"77471f4\" data-element_type=\"widget\" data-e-type=\"widget\" data-widget_type=\"button.default\">\n\t\t\t\t\t\t\t\t\t\t<a class=\"elementor-button elementor-button-link elementor-size-sm\" href=\"https:\/\/imet-ake.sk\/cs\/kontakt\/\">\n\t\t\t\t\t\t<span class=\"elementor-button-content-wrapper\">\n\t\t\t\t\t\t<span class=\"elementor-button-icon\">\n\t\t\t\t<svg aria-hidden=\"true\" class=\"e-font-icon-svg e-fas-long-arrow-alt-right\" viewBox=\"0 0 448 512\" xmlns=\"http:\/\/www.w3.org\/2000\/svg\"><path d=\"M313.941 216H12c-6.627 0-12 5.373-12 12v56c0 6.627 5.373 12 12 12h301.941v46.059c0 21.382 25.851 32.09 40.971 16.971l86.059-86.059c9.373-9.373 9.373-24.569 0-33.941l-86.059-86.059c-15.119-15.119-40.971-4.411-40.971 16.971V216z\"><\/path><\/svg>\t\t\t<\/span>\n\t\t\t\t\t\t\t\t\t<span class=\"elementor-button-text\">Kontaktujte n\u00e1s<\/span>\n\t\t\t\t\t<\/span>\n\t\t\t\t\t<\/a>\n\t\t\t\t\t\t\t\t<\/div>\n\t\t\t\t<\/div>\n\t\t<div class=\"elementor-element elementor-element-8d7227a e-con-full e-flex e-con e-child\" data-id=\"8d7227a\" data-element_type=\"container\" data-e-type=\"container\">\n\t\t\t\t<\/div>\n\t\t\t\t\t<\/div>\n\t\t\t\t<\/div>\n\t\t<div class=\"elementor-element elementor-element-ce52780 e-flex e-con-boxed e-con e-parent\" data-id=\"ce52780\" data-element_type=\"container\" data-e-type=\"container\">\n\t\t\t\t\t<div class=\"e-con-inner\">\n\t\t<div class=\"elementor-element elementor-element-47ee932 e-con-full e-flex e-con e-child\" data-id=\"47ee932\" data-element_type=\"container\" data-e-type=\"container\">\n\t\t\t\t<div class=\"elementor-element elementor-element-c408ec9 animated-fast elementor-invisible elementor-widget elementor-widget-heading\" data-id=\"c408ec9\" data-element_type=\"widget\" data-e-type=\"widget\" data-settings=\"{&quot;_animation&quot;:&quot;fadeInUp&quot;}\" data-widget_type=\"heading.default\">\n\t\t\t\t\t<p class=\"elementor-heading-title elementor-size-default\">PARTNER PR\u016eMYSLOV\u00c9HO V\u00ddKONU<\/p>\t\t\t\t<\/div>\n\t\t\t\t<div class=\"elementor-element elementor-element-36bb014 animated-fast reveal-global elementor-invisible elementor-widget elementor-widget-heading\" data-id=\"36bb014\" data-element_type=\"widget\" data-e-type=\"widget\" data-settings=\"{&quot;_animation&quot;:&quot;fadeInUp&quot;}\" data-widget_type=\"heading.default\">\n\t\t\t\t\t<h2 class=\"elementor-heading-title elementor-size-default\">Jsme IMET-AKE<\/h2>\t\t\t\t<\/div>\n\t\t\t\t<div class=\"elementor-element elementor-element-15dac5c elementor-widget elementor-widget-text-editor\" data-id=\"15dac5c\" data-element_type=\"widget\" data-e-type=\"widget\" data-widget_type=\"text-editor.default\">\n\t\t\t\t\t\t\t\t\t<p>V <strong>IMET AKE<\/strong> v\u011b\u0159\u00edme, \u017ee nejlep\u0161\u00edm \u0159e\u0161en\u00edm probl\u00e9mu je mu p\u0159edch\u00e1zet. Proto\u017ee prevence je v\u00fdkon s p\u0159edstihem. <\/p><p>N\u00e1\u0161 p\u0159\u00edstup <b>IMET3D Service<\/b> prodlu\u017euje \u017eivotnost stroj\u016f a udr\u017euje v\u00e1\u0161 provoz v chodu \u2013 spolehliv\u011b, p\u0159edv\u00eddateln\u011b a v\u017edy s n\u00e1skokem p\u0159ed probl\u00e9mem.<\/p><p>A kdy\u017e v\u00edte, co se d\u011bje \u2013 a co v\u00e1s \u010dek\u00e1 \u2013 m\u00e1te jistotu, na kter\u00e9 m\u016f\u017eete stav\u011bt.<\/p><p>Do v\u0161eho, co d\u011bl\u00e1me, zav\u00e1d\u00edme n\u00e1\u0161 <strong>IMET Standard<\/strong> \u2013 soubor hodnot, kter\u00e9 definuj\u00ed kvalitu na\u0161\u00ed pr\u00e1ce a vztah s klienty.<\/p><p>Dod\u00e1v\u00e1me p\u0159esn\u011b to, co pot\u0159ebujete. Tehdy, kdy\u017e to pot\u0159ebujete. P\u0159in\u00e1\u0161\u00edme \u0159e\u0161en\u00ed, kter\u00e1 sleduj\u00ed kondici za\u0159\u00edzen\u00ed, p\u0159edv\u00eddaj\u00ed poruchy a pom\u00e1haj\u00ed jim p\u0159edch\u00e1zet.  <\/p>\t\t\t\t\t\t\t\t<\/div>\n\t\t\t\t<\/div>\n\t\t<div class=\"elementor-element elementor-element-7bd2b6b e-con-full e-flex e-con e-child\" data-id=\"7bd2b6b\" data-element_type=\"container\" data-e-type=\"container\" data-settings=\"{&quot;background_background&quot;:&quot;gradient&quot;}\">\n\t\t\t\t<div class=\"elementor-element elementor-element-baa9e28 elementor-widget elementor-widget-image\" data-id=\"baa9e28\" data-element_type=\"widget\" data-e-type=\"widget\" data-widget_type=\"image.default\">\n\t\t\t\t\t\t\t\t\t\t\t\t\t\t\t<img fetchpriority=\"high\" decoding=\"async\" width=\"1654\" height=\"1725\" src=\"https:\/\/imet-ake.sk\/wp-content\/uploads\/2025\/12\/imetake_kw_1.webp\" class=\"attachment-large size-large wp-image-3244\" alt=\"imetake_kw_1\" srcset=\"https:\/\/imet-ake.sk\/wp-content\/uploads\/2025\/12\/imetake_kw_1.webp 1654w, https:\/\/imet-ake.sk\/wp-content\/uploads\/2025\/12\/imetake_kw_1-768x801.webp 768w, https:\/\/imet-ake.sk\/wp-content\/uploads\/2025\/12\/imetake_kw_1-1473x1536.webp 1473w\" sizes=\"(max-width: 1654px) 100vw, 1654px\" \/>\t\t\t\t\t\t\t\t\t\t\t\t\t\t\t<\/div>\n\t\t\t\t<\/div>\n\t\t\t\t\t<\/div>\n\t\t\t\t<\/div>\n\t\t<div class=\"elementor-element elementor-element-9a6ba66 e-flex e-con-boxed e-con e-parent\" data-id=\"9a6ba66\" data-element_type=\"container\" data-e-type=\"container\" data-settings=\"{&quot;background_background&quot;:&quot;classic&quot;}\">\n\t\t\t\t\t<div class=\"e-con-inner\">\n\t\t<div class=\"elementor-element elementor-element-3b76c19 e-flex e-con-boxed e-con e-child\" data-id=\"3b76c19\" data-element_type=\"container\" data-e-type=\"container\">\n\t\t\t\t\t<div class=\"e-con-inner\">\n\t\t\t\t<div class=\"elementor-element elementor-element-4a580b8 elementor-view-default elementor-widget elementor-widget-icon\" data-id=\"4a580b8\" data-element_type=\"widget\" data-e-type=\"widget\" data-widget_type=\"icon.default\">\n\t\t\t\t\t\t\t<div class=\"elementor-icon-wrapper\">\n\t\t\t<div class=\"elementor-icon\">\n\t\t\t<svg xmlns=\"http:\/\/www.w3.org\/2000\/svg\" width=\"24\" height=\"24\" viewBox=\"0 0 24 24\" fill=\"none\" stroke=\"#ffffff\" stroke-width=\"1.25\" stroke-linecap=\"round\" stroke-linejoin=\"round\" class=\"lucide lucide-quote-icon lucide-quote\"><path d=\"M16 3a2 2 0 0 0-2 2v6a2 2 0 0 0 2 2 1 1 0 0 1 1 1v1a2 2 0 0 1-2 2 1 1 0 0 0-1 1v2a1 1 0 0 0 1 1 6 6 0 0 0 6-6V5a2 2 0 0 0-2-2z\"><\/path><path d=\"M5 3a2 2 0 0 0-2 2v6a2 2 0 0 0 2 2 1 1 0 0 1 1 1v1a2 2 0 0 1-2 2 1 1 0 0 0-1 1v2a1 1 0 0 0 1 1 6 6 0 0 0 6-6V5a2 2 0 0 0-2-2z\"><\/path><\/svg>\t\t\t<\/div>\n\t\t<\/div>\n\t\t\t\t\t\t<\/div>\n\t\t\t\t<div class=\"elementor-element elementor-element-b324b8c elementor-widget elementor-widget-heading\" data-id=\"b324b8c\" data-element_type=\"widget\" data-e-type=\"widget\" data-widget_type=\"heading.default\">\n\t\t\t\t\t<p class=\"elementor-heading-title elementor-size-default\">\u201eCh\u00e1peme, \u017ee va\u0161e v\u00fdroba m\u00e1 sv\u016fj rytmus. V IMET-AKE propojujeme slu\u017eby a integrujeme produkty tak, aby se v\u00e1\u0161 pr\u016fmysl nezastavil.\" <\/p>\t\t\t\t<\/div>\n\t\t\t\t<div class=\"elementor-element elementor-element-4f9e823 elementor-widget elementor-widget-image\" data-id=\"4f9e823\" data-element_type=\"widget\" data-e-type=\"widget\" data-widget_type=\"image.default\">\n\t\t\t\t\t\t\t\t\t\t\t\t\t\t\t<img decoding=\"async\" width=\"300\" height=\"117\" src=\"https:\/\/imet-ake.sk\/wp-content\/uploads\/2025\/11\/podpisy-e1768129556303.webp\" class=\"attachment-large size-large wp-image-3245\" alt=\"Peter \u0160\u00edpo\u0161\" \/>\t\t\t\t\t\t\t\t\t\t\t\t\t\t\t<\/div>\n\t\t\t\t<div class=\"elementor-element elementor-element-57d61f9 elementor-widget elementor-widget-heading\" data-id=\"57d61f9\" data-element_type=\"widget\" data-e-type=\"widget\" data-widget_type=\"heading.default\">\n\t\t\t\t\t<p class=\"elementor-heading-title elementor-size-default\">Gener\u00e1ln\u00ed \u0159editel<\/p>\t\t\t\t<\/div>\n\t\t\t\t<div class=\"elementor-element elementor-element-d78cde9 elementor-widget elementor-widget-heading\" data-id=\"d78cde9\" data-element_type=\"widget\" data-e-type=\"widget\" data-widget_type=\"heading.default\">\n\t\t\t\t\t<h2 class=\"elementor-heading-title elementor-size-default\">Mgr. Peter \u0160ipo\u0161 <\/h2>\t\t\t\t<\/div>\n\t\t\t\t\t<\/div>\n\t\t\t\t<\/div>\n\t\t\t\t\t<\/div>\n\t\t\t\t<\/div>\n\t\t<div class=\"elementor-element elementor-element-d58cde8 e-flex e-con-boxed e-con e-child\" data-id=\"d58cde8\" data-element_type=\"container\" data-e-type=\"container\" data-settings=\"{&quot;background_background&quot;:&quot;classic&quot;,&quot;shape_divider_top&quot;:&quot;triangle-asymmetrical&quot;}\">\n\t\t\t\t\t<div class=\"e-con-inner\">\n\t\t\t\t<div class=\"elementor-shape elementor-shape-top\" aria-hidden=\"true\" data-negative=\"false\">\n\t\t\t<svg xmlns=\"http:\/\/www.w3.org\/2000\/svg\" viewBox=\"0 0 1000 100\" preserveAspectRatio=\"none\">\n\t<path class=\"elementor-shape-fill\" d=\"M738,99l262-93V0H0v5.6L738,99z\"\/>\n<\/svg>\t\t<\/div>\n\t\t<div class=\"elementor-element elementor-element-bb5aa27 e-con-full e-flex e-con e-child\" data-id=\"bb5aa27\" data-element_type=\"container\" data-e-type=\"container\">\n\t\t\t\t<div class=\"elementor-element elementor-element-29c2fd3 elementor-widget__width-initial reveal-global elementor-widget elementor-widget-heading\" data-id=\"29c2fd3\" data-element_type=\"widget\" data-e-type=\"widget\" data-widget_type=\"heading.default\">\n\t\t\t\t\t<h2 class=\"elementor-heading-title elementor-size-default\">Na\u0161e zam\u011b\u0159en\u00ed<\/h2>\t\t\t\t<\/div>\n\t\t\t\t<div class=\"elementor-element elementor-element-93208fa elementor-widget elementor-widget-text-editor\" data-id=\"93208fa\" data-element_type=\"widget\" data-e-type=\"widget\" data-widget_type=\"text-editor.default\">\n\t\t\t\t\t\t\t\t\t<p>Poskytujeme komplexn\u00ed \u0159e\u0161en\u00ed pro pr\u016fmyslovou \u00fadr\u017ebu a v\u00fdkon za\u0159\u00edzen\u00ed. Spojujeme produkty, slu\u017eby a expert\u00edzu do jednoho syst\u00e9mu \u2013 IMET3D Service\u2122. <\/p>\t\t\t\t\t\t\t\t<\/div>\n\t\t<div class=\"elementor-element elementor-element-b4401ed e-grid e-con-full e-con e-child\" data-id=\"b4401ed\" data-element_type=\"container\" data-e-type=\"container\">\n\t\t\t\t<div class=\"elementor-element elementor-element-61fa6cb elementor-cta--skin-cover elementor-cta--valign-bottom elementor-animated-content elementor-bg-transform elementor-bg-transform-zoom-in elementor-widget elementor-widget-call-to-action\" data-id=\"61fa6cb\" data-element_type=\"widget\" data-e-type=\"widget\" data-widget_type=\"call-to-action.default\">\n\t\t\t\t\t\t\t<a class=\"elementor-cta\" href=\"https:\/\/imet-ake.sk\/digitalne-nastroje\/\">\n\t\t\t\t\t<div class=\"elementor-cta__bg-wrapper\">\n\t\t\t\t<div class=\"elementor-cta__bg elementor-bg\" style=\"background-image: url(https:\/\/imet-ake.sk\/wp-content\/uploads\/2026\/02\/digitalni-asistenti-1.webp);\" role=\"img\" aria-label=\"digit\u00e1ln\u00ed asistenti 1\"><\/div>\n\t\t\t\t<div class=\"elementor-cta__bg-overlay\"><\/div>\n\t\t\t<\/div>\n\t\t\t\t\t\t\t<div class=\"elementor-cta__content\">\n\t\t\t\t\n\t\t\t\t\t\t\t\t\t<h3 class=\"elementor-cta__title elementor-cta__content-item elementor-content-item elementor-animated-item--grow\">\n\t\t\t\t\t\tDigit\u00e1ln\u00ed asistenti\t\t\t\t\t<\/h3>\n\t\t\t\t\n\t\t\t\t\n\t\t\t\t\t\t\t<\/div>\n\t\t\t\t\t\t<\/a>\n\t\t\t\t\t\t<\/div>\n\t\t\t\t<div class=\"elementor-element elementor-element-acc7c72 elementor-cta--skin-cover elementor-cta--valign-bottom elementor-animated-content elementor-bg-transform elementor-bg-transform-zoom-in elementor-widget elementor-widget-call-to-action\" data-id=\"acc7c72\" data-element_type=\"widget\" data-e-type=\"widget\" data-widget_type=\"call-to-action.default\">\n\t\t\t\t\t\t\t<a class=\"elementor-cta\" href=\"https:\/\/imet-ake.sk\/poradenstvo\/\">\n\t\t\t\t\t<div class=\"elementor-cta__bg-wrapper\">\n\t\t\t\t<div class=\"elementor-cta__bg elementor-bg\" style=\"background-image: url(https:\/\/imet-ake.sk\/wp-content\/uploads\/2026\/01\/poradenstvo.webp);\" role=\"img\" aria-label=\"poradenstv\u00ed\"><\/div>\n\t\t\t\t<div class=\"elementor-cta__bg-overlay\"><\/div>\n\t\t\t<\/div>\n\t\t\t\t\t\t\t<div class=\"elementor-cta__content\">\n\t\t\t\t\n\t\t\t\t\t\t\t\t\t<h3 class=\"elementor-cta__title elementor-cta__content-item elementor-content-item elementor-animated-item--grow\">\n\t\t\t\t\t\tPoradenstv\u00ed\t\t\t\t\t<\/h3>\n\t\t\t\t\n\t\t\t\t\n\t\t\t\t\t\t\t<\/div>\n\t\t\t\t\t\t<\/a>\n\t\t\t\t\t\t<\/div>\n\t\t\t\t<div class=\"elementor-element elementor-element-48066da elementor-cta--skin-cover elementor-cta--valign-bottom elementor-animated-content elementor-bg-transform elementor-bg-transform-zoom-in elementor-widget elementor-widget-call-to-action\" data-id=\"48066da\" data-element_type=\"widget\" data-e-type=\"widget\" data-widget_type=\"call-to-action.default\">\n\t\t\t\t\t\t\t<a class=\"elementor-cta\" href=\"https:\/\/imet-ake.sk\/loziska\/\">\n\t\t\t\t\t<div class=\"elementor-cta__bg-wrapper\">\n\t\t\t\t<div class=\"elementor-cta__bg elementor-bg\" style=\"background-image: url(https:\/\/imet-ake.sk\/wp-content\/uploads\/2026\/01\/servisne-sluzby.webp);\" role=\"img\" aria-label=\"servisn\u00ed slu\u017eby\"><\/div>\n\t\t\t\t<div class=\"elementor-cta__bg-overlay\"><\/div>\n\t\t\t<\/div>\n\t\t\t\t\t\t\t<div class=\"elementor-cta__content\">\n\t\t\t\t\n\t\t\t\t\t\t\t\t\t<h3 class=\"elementor-cta__title elementor-cta__content-item elementor-content-item elementor-animated-item--grow\">\n\t\t\t\t\t\tPr\u016fmyslov\u00e9 komponenty\t\t\t\t\t<\/h3>\n\t\t\t\t\n\t\t\t\t\n\t\t\t\t\t\t\t<\/div>\n\t\t\t\t\t\t<\/a>\n\t\t\t\t\t\t<\/div>\n\t\t\t\t<div class=\"elementor-element elementor-element-4957cfd elementor-cta--skin-cover elementor-cta--valign-bottom elementor-animated-content elementor-bg-transform elementor-bg-transform-zoom-in elementor-widget elementor-widget-call-to-action\" data-id=\"4957cfd\" data-element_type=\"widget\" data-e-type=\"widget\" data-widget_type=\"call-to-action.default\">\n\t\t\t\t\t\t\t<a class=\"elementor-cta\" href=\"https:\/\/imet-ake.sk\/podporne-systemy\/\">\n\t\t\t\t\t<div class=\"elementor-cta__bg-wrapper\">\n\t\t\t\t<div class=\"elementor-cta__bg elementor-bg\" style=\"background-image: url(https:\/\/imet-ake.sk\/wp-content\/uploads\/2026\/02\/navrh-diagnostickych-mazacich-systemov.webp);\" role=\"img\" aria-label=\"n\u00e1vrh diagnostick\u00fdch mazac\u00edch syst\u00e9m\u016f\"><\/div>\n\t\t\t\t<div class=\"elementor-cta__bg-overlay\"><\/div>\n\t\t\t<\/div>\n\t\t\t\t\t\t\t<div class=\"elementor-cta__content\">\n\t\t\t\t\n\t\t\t\t\t\t\t\t\t<h3 class=\"elementor-cta__title elementor-cta__content-item elementor-content-item elementor-animated-item--grow\">\n\t\t\t\t\t\tPodp\u016frn\u00e9 syst\u00e9my\t\t\t\t\t<\/h3>\n\t\t\t\t\n\t\t\t\t\n\t\t\t\t\t\t\t<\/div>\n\t\t\t\t\t\t<\/a>\n\t\t\t\t\t\t<\/div>\n\t\t\t\t<div class=\"elementor-element elementor-element-4c8722e elementor-cta--skin-cover elementor-cta--valign-bottom elementor-animated-content elementor-bg-transform elementor-bg-transform-zoom-in elementor-widget elementor-widget-call-to-action\" data-id=\"4c8722e\" data-element_type=\"widget\" data-e-type=\"widget\" data-widget_type=\"call-to-action.default\">\n\t\t\t\t\t\t\t<a class=\"elementor-cta\" href=\"https:\/\/imet-ake.sk\/servisne-sluzby\/\">\n\t\t\t\t\t<div class=\"elementor-cta__bg-wrapper\">\n\t\t\t\t<div class=\"elementor-cta__bg elementor-bg\" style=\"background-image: url(https:\/\/imet-ake.sk\/wp-content\/uploads\/2026\/02\/odborny-dohlad-a-asistencia-pri-montazi.webp);\" role=\"img\" aria-label=\"odborn\u00fd dohled a asistence p\u0159i mont\u00e1\u017ei\"><\/div>\n\t\t\t\t<div class=\"elementor-cta__bg-overlay\"><\/div>\n\t\t\t<\/div>\n\t\t\t\t\t\t\t<div class=\"elementor-cta__content\">\n\t\t\t\t\n\t\t\t\t\t\t\t\t\t<h3 class=\"elementor-cta__title elementor-cta__content-item elementor-content-item elementor-animated-item--grow\">\n\t\t\t\t\t\tServisn\u00ed slu\u017eby\t\t\t\t\t<\/h3>\n\t\t\t\t\n\t\t\t\t\n\t\t\t\t\t\t\t<\/div>\n\t\t\t\t\t\t<\/a>\n\t\t\t\t\t\t<\/div>\n\t\t\t\t<\/div>\n\t\t\t\t<\/div>\n\t\t\t\t\t<\/div>\n\t\t\t\t<\/div>\n\t\t<div class=\"elementor-element elementor-element-5199e26 e-flex e-con-boxed e-con e-parent\" data-id=\"5199e26\" data-element_type=\"container\" data-e-type=\"container\" data-settings=\"{&quot;background_background&quot;:&quot;classic&quot;,&quot;shape_divider_top&quot;:&quot;triangle-asymmetrical&quot;,&quot;shape_divider_top_negative&quot;:&quot;yes&quot;}\">\n\t\t\t\t\t<div class=\"e-con-inner\">\n\t\t\t\t<div class=\"elementor-shape elementor-shape-top\" aria-hidden=\"true\" data-negative=\"true\">\n\t\t\t<svg xmlns=\"http:\/\/www.w3.org\/2000\/svg\" viewBox=\"0 0 1000 100\" preserveAspectRatio=\"none\">\n\t<path class=\"elementor-shape-fill\" d=\"M737.9,94.7L0,0v100h1000V0L737.9,94.7z\"\/>\n<\/svg>\t\t<\/div>\n\t\t<div class=\"elementor-element elementor-element-be799a9 e-con-full e-flex e-con e-child\" data-id=\"be799a9\" data-element_type=\"container\" data-e-type=\"container\">\n\t\t\t\t<div class=\"elementor-element elementor-element-df9d538 elementor-widget elementor-widget-text-editor\" data-id=\"df9d538\" data-element_type=\"widget\" data-e-type=\"widget\" data-widget_type=\"text-editor.default\">\n\t\t\t\t\t\t\t\t\t<p>Kde p\u016fsob\u00edme<\/p>\t\t\t\t\t\t\t\t<\/div>\n\t\t\t\t<div class=\"elementor-element elementor-element-d677f35 elementor-widget elementor-widget-text-editor\" data-id=\"d677f35\" data-element_type=\"widget\" data-e-type=\"widget\" data-widget_type=\"text-editor.default\">\n\t\t\t\t\t\t\t\t\tNa\u0161e slu\u017eby jsou zam\u011b\u0159eny na pr\u016fmysl v \u010cesku a na Slovensku. Jsme sou\u010d\u00e1st\u00ed IMET Group. \t\t\t\t\t\t\t\t<\/div>\n\t\t\t\t<\/div>\n\t\t<div class=\"elementor-element elementor-element-bfbf076 e-con-full e-flex e-con e-child\" data-id=\"bfbf076\" data-element_type=\"container\" data-e-type=\"container\">\n\t\t\t\t<div class=\"elementor-element elementor-element-9e38e9e elementor-widget elementor-widget-image\" data-id=\"9e38e9e\" data-element_type=\"widget\" data-e-type=\"widget\" data-widget_type=\"image.default\">\n\t\t\t\t\t\t\t\t\t\t\t\t\t\t\t<img decoding=\"async\" width=\"970\" height=\"546\" src=\"https:\/\/imet-ake.sk\/wp-content\/uploads\/2026\/01\/envato-labs-image-edit-5.png\" class=\"attachment-large size-large wp-image-3572\" alt=\"envato labs image edit (5)\" srcset=\"https:\/\/imet-ake.sk\/wp-content\/uploads\/2026\/01\/envato-labs-image-edit-5.png 970w, https:\/\/imet-ake.sk\/wp-content\/uploads\/2026\/01\/envato-labs-image-edit-5-768x432.png 768w\" sizes=\"(max-width: 970px) 100vw, 970px\" \/>\t\t\t\t\t\t\t\t\t\t\t\t\t\t\t<\/div>\n\t\t\t\t<\/div>\n\t\t\t\t\t<\/div>\n\t\t\t\t<\/div>\n\t\t<div class=\"elementor-element elementor-element-df83116 e-flex e-con-boxed e-con e-parent\" data-id=\"df83116\" data-element_type=\"container\" data-e-type=\"container\">\n\t\t\t\t\t<div class=\"e-con-inner\">\n\t\t<div class=\"elementor-element elementor-element-0fa7b5e e-con-full e-flex e-con e-child\" data-id=\"0fa7b5e\" data-element_type=\"container\" data-e-type=\"container\">\n\t\t\t\t<div class=\"elementor-element elementor-element-305995c reveal-global elementor-widget elementor-widget-heading\" data-id=\"305995c\" data-element_type=\"widget\" data-e-type=\"widget\" data-widget_type=\"heading.default\">\n\t\t\t\t\t<p class=\"elementor-heading-title elementor-size-default\">Firemn\u00ed skupina<\/p>\t\t\t\t<\/div>\n\t\t\t\t<div class=\"elementor-element elementor-element-dde14a2 elementor-widget__width-initial reveal-global elementor-widget elementor-widget-heading\" data-id=\"dde14a2\" data-element_type=\"widget\" data-e-type=\"widget\" data-widget_type=\"heading.default\">\n\t\t\t\t\t<h2 class=\"elementor-heading-title elementor-size-default\">Jsme sou\u010d\u00e1st\u00ed IMET Group<\/h2>\t\t\t\t<\/div>\n\t\t\t\t<div class=\"elementor-element elementor-element-90f41ef elementor-widget elementor-widget-text-editor\" data-id=\"90f41ef\" data-element_type=\"widget\" data-e-type=\"widget\" data-widget_type=\"text-editor.default\">\n\t\t\t\t\t\t\t\t\t<p>\u00dasp\u011bchem IMET Group je v\u00edce ne\u017e sou\u010det v\u00fdsledk\u016f jej\u00edch spole\u010dnost\u00ed. Prost\u0159ednictv\u00edm 8 dce\u0159in\u00fdch spole\u010dnost\u00ed, kancel\u00e1\u0159\u00ed, pobo\u010dek a z\u00e1stupc\u016f p\u016fsob\u00edme ve v\u00edce ne\u017e 20 zem\u00edch sv\u011bta <\/p><p><a href=\"https:\/\/www.imet.sk\/\" target=\"_blank\" rel=\"noopener\">V\u00edce informac\u00ed o IMET GROUP<\/a><\/p>\t\t\t\t\t\t\t\t<\/div>\n\t\t\t\t<\/div>\n\t\t\t\t\t<\/div>\n\t\t\t\t<\/div>\n\t\t<div class=\"elementor-element elementor-element-93b68a4 e-flex e-con-boxed e-con e-parent\" data-id=\"93b68a4\" data-element_type=\"container\" data-e-type=\"container\" data-settings=\"{&quot;background_background&quot;:&quot;classic&quot;}\">\n\t\t\t\t\t<div class=\"e-con-inner\">\n\t\t\t\t<div class=\"elementor-element elementor-element-3c7be0c elementor-widget elementor-widget-heading\" data-id=\"3c7be0c\" data-element_type=\"widget\" data-e-type=\"widget\" data-widget_type=\"heading.default\">\n\t\t\t\t\t<h3 class=\"elementor-heading-title elementor-size-default\">Sta\u0148te se na\u0161\u00edm partnerem<\/h3>\t\t\t\t<\/div>\n\t\t\t\t<div class=\"elementor-element elementor-element-943f047 elementor-widget elementor-widget-text-editor\" data-id=\"943f047\" data-element_type=\"widget\" data-e-type=\"widget\" data-widget_type=\"text-editor.default\">\n\t\t\t\t\t\t\t\t\t<p>Hled\u00e1te spolehliv\u00e9ho partnera pro pr\u016fmyslov\u00e9 komponenty a slu\u017eby?<br>Kontaktujte n\u00e1s a spole\u010dn\u011b najdeme \u0159e\u0161en\u00ed pro v\u00e1\u0161 provoz.<\/p>\t\t\t\t\t\t\t\t<\/div>\n\t\t\t\t<div class=\"elementor-element elementor-element-c4c98ad elementor-align-center elementor-widget elementor-widget-global elementor-global-3363 elementor-global-1783 elementor-widget-button\" data-id=\"c4c98ad\" data-element_type=\"widget\" data-e-type=\"widget\" data-widget_type=\"button.default\">\n\t\t\t\t\t\t\t\t\t\t<a class=\"elementor-button elementor-button-link elementor-size-sm\" href=\"https:\/\/imet-ake.sk\/cs\/kontakt\/\">\n\t\t\t\t\t\t<span class=\"elementor-button-content-wrapper\">\n\t\t\t\t\t\t<span class=\"elementor-button-icon\">\n\t\t\t\t<svg aria-hidden=\"true\" class=\"e-font-icon-svg e-fas-long-arrow-alt-right\" viewBox=\"0 0 448 512\" xmlns=\"http:\/\/www.w3.org\/2000\/svg\"><path d=\"M313.941 216H12c-6.627 0-12 5.373-12 12v56c0 6.627 5.373 12 12 12h301.941v46.059c0 21.382 25.851 32.09 40.971 16.971l86.059-86.059c9.373-9.373 9.373-24.569 0-33.941l-86.059-86.059c-15.119-15.119-40.971-4.411-40.971 16.971V216z\"><\/path><\/svg>\t\t\t<\/span>\n\t\t\t\t\t\t\t\t\t<span class=\"elementor-button-text\">Dohodnout spolupr\u00e1ci<\/span>\n\t\t\t\t\t<\/span>\n\t\t\t\t\t<\/a>\n\t\t\t\t\t\t\t\t<\/div>\n\t\t\t\t\t<\/div>\n\t\t\t\t<\/div>\n\t\t\t\t<\/div>\n\t\t","protected":false},"excerpt":{"rendered":"<p>O n\u00e1s Ve v\u00fdrob\u011b je \u010das v\u00edc ne\u017e jen minutov\u00e1 ru\u010di\u010dka na hodink\u00e1ch. Je to rytmus, jeho\u017e naru\u0161en\u00ed spust\u00ed \u0159et\u011bzovou reakci. Kdy\u017e se v\u00fdroba zastav\u00ed, ztr\u00e1c\u00ed se v\u00edc ne\u017e v\u00fdkon. Ztr\u00e1c\u00ed se jistota. Kontaktujte n\u00e1s PARTNER PR\u016eMYSLOV\u00c9HO V\u00ddKONU Jsme IMET-AKE V IMET AKE v\u011b\u0159\u00edme, \u017ee nejlep\u0161\u00edm \u0159e\u0161en\u00edm probl\u00e9mu je mu p\u0159edch\u00e1zet. Proto\u017ee prevence je v\u00fdkon [&hellip;]<\/p>\n","protected":false},"author":1,"featured_media":0,"parent":0,"menu_order":0,"comment_status":"closed","ping_status":"closed","template":"","meta":{"_seopress_robots_primary_cat":"","_seopress_titles_title":"IMET-AKE: Partner pr\u016fmyslov\u00e9ho v\u00fdkonu a \u00fadr\u017eby","_seopress_titles_desc":"Komplexn\u00ed \u0159e\u0161en\u00ed pro pr\u016fmyslovou \u00fadr\u017ebu a v\u00fdkon za\u0159\u00edzen\u00ed. IMET3D Service prodlu\u017euje \u017eivotnost stroj\u016f a udr\u017euje v\u00e1\u0161 provoz spolehliv\u011b v chodu. ","_seopress_robots_index":"","iawp_total_views":11,"footnotes":""},"class_list":["post-3567","page","type-page","status-publish","hentry"],"_links":{"self":[{"href":"https:\/\/imet-ake.sk\/cs\/wp-json\/wp\/v2\/pages\/3567","targetHints":{"allow":["GET"]}}],"collection":[{"href":"https:\/\/imet-ake.sk\/cs\/wp-json\/wp\/v2\/pages"}],"about":[{"href":"https:\/\/imet-ake.sk\/cs\/wp-json\/wp\/v2\/types\/page"}],"author":[{"embeddable":true,"href":"https:\/\/imet-ake.sk\/cs\/wp-json\/wp\/v2\/users\/1"}],"replies":[{"embeddable":true,"href":"https:\/\/imet-ake.sk\/cs\/wp-json\/wp\/v2\/comments?post=3567"}],"version-history":[{"count":4,"href":"https:\/\/imet-ake.sk\/cs\/wp-json\/wp\/v2\/pages\/3567\/revisions"}],"predecessor-version":[{"id":5203,"href":"https:\/\/imet-ake.sk\/cs\/wp-json\/wp\/v2\/pages\/3567\/revisions\/5203"}],"wp:attachment":[{"href":"https:\/\/imet-ake.sk\/cs\/wp-json\/wp\/v2\/media?parent=3567"}],"curies":[{"name":"wp","href":"https:\/\/api.w.org\/{rel}","templated":true}]}}