{"id":3563,"date":"2026-01-17T12:22:07","date_gmt":"2026-01-17T11:22:07","guid":{"rendered":"https:\/\/imet-ake.sk\/imet3d-service\/"},"modified":"2026-03-05T16:41:42","modified_gmt":"2026-03-05T15:41:42","slug":"imet3d-service","status":"publish","type":"page","link":"https:\/\/imet-ake.sk\/cs\/imet3d-service\/","title":{"rendered":"IMET3D Service"},"content":{"rendered":"\t\t<div data-elementor-type=\"wp-page\" data-elementor-id=\"3563\" class=\"elementor elementor-3563 elementor-1880\" data-elementor-post-type=\"page\">\n\t\t\t\t<div class=\"elementor-element elementor-element-b46d64a e-flex e-con-boxed e-con e-parent\" data-id=\"b46d64a\" data-element_type=\"container\" data-e-type=\"container\" data-settings=\"{&quot;background_background&quot;:&quot;classic&quot;}\">\n\t\t\t\t\t<div class=\"e-con-inner\">\n\t\t<div class=\"elementor-element elementor-element-5e5928e e-con-full e-flex e-con e-child\" data-id=\"5e5928e\" data-element_type=\"container\" data-e-type=\"container\">\n\t\t\t\t<div class=\"elementor-element elementor-element-973226d elementor-widget elementor-widget-heading\" data-id=\"973226d\" data-element_type=\"widget\" data-e-type=\"widget\" data-widget_type=\"heading.default\">\n\t\t\t\t\t<h1 class=\"elementor-heading-title elementor-size-default\">IMET3D Service<\/h1>\t\t\t\t<\/div>\n\t\t\t\t<div class=\"elementor-element elementor-element-cd8a209 elementor-widget elementor-widget-text-editor\" data-id=\"cd8a209\" data-element_type=\"widget\" data-e-type=\"widget\" data-widget_type=\"text-editor.default\">\n\t\t\t\t\t\t\t\t\t<p>Od technick\u00fdch komponent\u016f a\u017e po diagnostiku, vyva\u017eov\u00e1n\u00ed \u010di laserov\u00e9 ustavov\u00e1n\u00ed \u2013 spojujeme technologie a slu\u017eby, kter\u00e9 prodlu\u017euj\u00ed \u017eivotnost va\u0161ich stroj\u016f a sni\u017euj\u00ed riziko nepl\u00e1novan\u00fdch odst\u00e1vek.<\/p>\t\t\t\t\t\t\t\t<\/div>\n\t\t\t\t<\/div>\n\t\t\t\t\t<\/div>\n\t\t\t\t<\/div>\n\t\t<div class=\"elementor-element elementor-element-e3fee9d e-flex e-con-boxed e-con e-child\" data-id=\"e3fee9d\" data-element_type=\"container\" data-e-type=\"container\">\n\t\t\t\t\t<div class=\"e-con-inner\">\n\t\t<div class=\"elementor-element elementor-element-a27d9ce e-grid e-con-full e-con e-child\" data-id=\"a27d9ce\" data-element_type=\"container\" data-e-type=\"container\">\n\t\t<div class=\"elementor-element elementor-element-569537c e-con-full e-flex e-con e-child\" data-id=\"569537c\" data-element_type=\"container\" data-e-type=\"container\" data-settings=\"{&quot;background_background&quot;:&quot;classic&quot;}\">\n\t\t\t\t<div class=\"elementor-element elementor-element-15ee1bc elementor-view-default elementor-invisible elementor-widget elementor-widget-icon\" data-id=\"15ee1bc\" data-element_type=\"widget\" data-e-type=\"widget\" data-settings=\"{&quot;_animation&quot;:&quot;zoomIn&quot;}\" data-widget_type=\"icon.default\">\n\t\t\t\t\t\t\t<div class=\"elementor-icon-wrapper\">\n\t\t\t<div class=\"elementor-icon\">\n\t\t\t<svg xmlns=\"http:\/\/www.w3.org\/2000\/svg\" width=\"256\" height=\"256\" viewBox=\"0 0 24 24\" fill=\"none\" stroke=\"#A0004B\" stroke-width=\"1.25\" stroke-linecap=\"round\" stroke-linejoin=\"round\" class=\"lucide lucide-wrench-icon lucide-wrench\"><path d=\"M14.7 6.3a1 1 0 0 0 0 1.4l1.6 1.6a1 1 0 0 0 1.4 0l3.106-3.105c.32-.322.863-.22.983.218a6 6 0 0 1-8.259 7.057l-7.91 7.91a1 1 0 0 1-2.999-3l7.91-7.91a6 6 0 0 1 7.057-8.259c.438.12.54.662.219.984z\"><\/path><\/svg>\t\t\t<\/div>\n\t\t<\/div>\n\t\t\t\t\t\t<\/div>\n\t\t\t\t<div class=\"elementor-element elementor-element-f9dcf77 elementor-widget elementor-widget-heading\" data-id=\"f9dcf77\" data-element_type=\"widget\" data-e-type=\"widget\" data-widget_type=\"heading.default\">\n\t\t\t\t\t<h3 class=\"elementor-heading-title elementor-size-default\">Servisn\u00ed slu\u017eby<\/h3>\t\t\t\t<\/div>\n\t\t\t\t<div class=\"elementor-element elementor-element-fdb0d02 elementor-widget elementor-widget-text-editor\" data-id=\"fdb0d02\" data-element_type=\"widget\" data-e-type=\"widget\" data-widget_type=\"text-editor.default\">\n\t\t\t\t\t\t\t\t\t<p>Diagnostika, renovace a p\u0159esn\u00e9 laserov\u00e9 ustavov\u00e1n\u00ed stroj\u016f.<\/p>\t\t\t\t\t\t\t\t<\/div>\n\t\t\t\t<div class=\"elementor-element elementor-element-761018e elementor-widget elementor-widget-button\" data-id=\"761018e\" data-element_type=\"widget\" data-e-type=\"widget\" data-widget_type=\"button.default\">\n\t\t\t\t\t\t\t\t\t\t<a class=\"elementor-button elementor-button-link elementor-size-sm\" href=\"https:\/\/imet-ake.sk\/cs\/servisni-sluzby\/\">\n\t\t\t\t\t\t<span class=\"elementor-button-content-wrapper\">\n\t\t\t\t\t\t<span class=\"elementor-button-icon\">\n\t\t\t\t<svg aria-hidden=\"true\" class=\"e-font-icon-svg e-fas-long-arrow-alt-right\" viewBox=\"0 0 448 512\" xmlns=\"http:\/\/www.w3.org\/2000\/svg\"><path d=\"M313.941 216H12c-6.627 0-12 5.373-12 12v56c0 6.627 5.373 12 12 12h301.941v46.059c0 21.382 25.851 32.09 40.971 16.971l86.059-86.059c9.373-9.373 9.373-24.569 0-33.941l-86.059-86.059c-15.119-15.119-40.971-4.411-40.971 16.971V216z\"><\/path><\/svg>\t\t\t<\/span>\n\t\t\t\t\t\t\t\t\t<span class=\"elementor-button-text\">P\u0159ej\u00edt na slu\u017eby<\/span>\n\t\t\t\t\t<\/span>\n\t\t\t\t\t<\/a>\n\t\t\t\t\t\t\t\t<\/div>\n\t\t\t\t<\/div>\n\t\t<div class=\"elementor-element elementor-element-43653b9 e-con-full e-flex e-con e-child\" data-id=\"43653b9\" data-element_type=\"container\" data-e-type=\"container\" data-settings=\"{&quot;background_background&quot;:&quot;classic&quot;}\">\n\t\t\t\t<div class=\"elementor-element elementor-element-151c624 elementor-view-default elementor-invisible elementor-widget elementor-widget-icon\" data-id=\"151c624\" data-element_type=\"widget\" data-e-type=\"widget\" data-settings=\"{&quot;_animation&quot;:&quot;zoomIn&quot;}\" data-widget_type=\"icon.default\">\n\t\t\t\t\t\t\t<div class=\"elementor-icon-wrapper\">\n\t\t\t<div class=\"elementor-icon\">\n\t\t\t<svg xmlns=\"http:\/\/www.w3.org\/2000\/svg\" width=\"24\" height=\"24\" viewBox=\"0 0 24 24\" fill=\"none\" stroke=\"#a0004a\" stroke-width=\"2\" stroke-linecap=\"round\" stroke-linejoin=\"round\" class=\"lucide lucide-monitor-cog-icon lucide-monitor-cog\"><path d=\"M12 17v4\"><\/path><path d=\"m14.305 7.53.923-.382\"><\/path><path d=\"m15.228 4.852-.923-.383\"><\/path><path d=\"m16.852 3.228-.383-.924\"><\/path><path d=\"m16.852 8.772-.383.923\"><\/path><path d=\"m19.148 3.228.383-.924\"><\/path><path d=\"m19.53 9.696-.382-.924\"><\/path><path d=\"m20.772 4.852.924-.383\"><\/path><path d=\"m20.772 7.148.924.383\"><\/path><path d=\"M22 13v2a2 2 0 0 1-2 2H4a2 2 0 0 1-2-2V5a2 2 0 0 1 2-2h7\"><\/path><path d=\"M8 21h8\"><\/path><circle cx=\"18\" cy=\"6\" r=\"3\"><\/circle><\/svg>\t\t\t<\/div>\n\t\t<\/div>\n\t\t\t\t\t\t<\/div>\n\t\t\t\t<div class=\"elementor-element elementor-element-a57679d elementor-widget elementor-widget-heading\" data-id=\"a57679d\" data-element_type=\"widget\" data-e-type=\"widget\" data-widget_type=\"heading.default\">\n\t\t\t\t\t<h3 class=\"elementor-heading-title elementor-size-default\">Digit\u00e1ln\u00ed n\u00e1stroje<\/h3>\t\t\t\t<\/div>\n\t\t\t\t<div class=\"elementor-element elementor-element-6a2abe3 elementor-widget elementor-widget-text-editor\" data-id=\"6a2abe3\" data-element_type=\"widget\" data-e-type=\"widget\" data-widget_type=\"text-editor.default\">\n\t\t\t\t\t\t\t\t\t<p>Aplikace pro v\u00fdb\u011br lo\u017eisek, maziv a v\u00fdpo\u010dty \u017eivotnosti.<\/p>\t\t\t\t\t\t\t\t<\/div>\n\t\t\t\t<div class=\"elementor-element elementor-element-a22a30d elementor-widget elementor-widget-button\" data-id=\"a22a30d\" data-element_type=\"widget\" data-e-type=\"widget\" data-widget_type=\"button.default\">\n\t\t\t\t\t\t\t\t\t\t<a class=\"elementor-button elementor-button-link elementor-size-sm\" href=\"https:\/\/imet-ake.sk\/cs\/digitalni-asistenti\/\">\n\t\t\t\t\t\t<span class=\"elementor-button-content-wrapper\">\n\t\t\t\t\t\t<span class=\"elementor-button-icon\">\n\t\t\t\t<svg aria-hidden=\"true\" class=\"e-font-icon-svg e-fas-long-arrow-alt-right\" viewBox=\"0 0 448 512\" xmlns=\"http:\/\/www.w3.org\/2000\/svg\"><path d=\"M313.941 216H12c-6.627 0-12 5.373-12 12v56c0 6.627 5.373 12 12 12h301.941v46.059c0 21.382 25.851 32.09 40.971 16.971l86.059-86.059c9.373-9.373 9.373-24.569 0-33.941l-86.059-86.059c-15.119-15.119-40.971-4.411-40.971 16.971V216z\"><\/path><\/svg>\t\t\t<\/span>\n\t\t\t\t\t\t\t\t\t<span class=\"elementor-button-text\">P\u0159ej\u00edt na n\u00e1stroje<\/span>\n\t\t\t\t\t<\/span>\n\t\t\t\t\t<\/a>\n\t\t\t\t\t\t\t\t<\/div>\n\t\t\t\t<\/div>\n\t\t<div class=\"elementor-element elementor-element-7abbe16 e-con-full e-flex e-con e-child\" data-id=\"7abbe16\" data-element_type=\"container\" data-e-type=\"container\" data-settings=\"{&quot;background_background&quot;:&quot;classic&quot;}\">\n\t\t\t\t<div class=\"elementor-element elementor-element-94be609 elementor-view-default elementor-invisible elementor-widget elementor-widget-icon\" data-id=\"94be609\" data-element_type=\"widget\" data-e-type=\"widget\" data-settings=\"{&quot;_animation&quot;:&quot;zoomIn&quot;}\" data-widget_type=\"icon.default\">\n\t\t\t\t\t\t\t<div class=\"elementor-icon-wrapper\">\n\t\t\t<div class=\"elementor-icon\">\n\t\t\t<svg xmlns=\"http:\/\/www.w3.org\/2000\/svg\" width=\"24\" height=\"24\" viewBox=\"0 0 24 24\" fill=\"none\" stroke=\"#a0004a\" stroke-width=\"2\" stroke-linecap=\"round\" stroke-linejoin=\"round\" class=\"lucide lucide-diamond-plus-icon lucide-diamond-plus\"><path d=\"M12 8v8\"><\/path><path d=\"M2.7 10.3a2.41 2.41 0 0 0 0 3.41l7.59 7.59a2.41 2.41 0 0 0 3.41 0l7.59-7.59a2.41 2.41 0 0 0 0-3.41L13.7 2.71a2.41 2.41 0 0 0-3.41 0z\"><\/path><path d=\"M8 12h8\"><\/path><\/svg>\t\t\t<\/div>\n\t\t<\/div>\n\t\t\t\t\t\t<\/div>\n\t\t\t\t<div class=\"elementor-element elementor-element-ba3e1aa elementor-widget elementor-widget-heading\" data-id=\"ba3e1aa\" data-element_type=\"widget\" data-e-type=\"widget\" data-widget_type=\"heading.default\">\n\t\t\t\t\t<h3 class=\"elementor-heading-title elementor-size-default\">Podp\u016frn\u00e9 syst\u00e9my<\/h3>\t\t\t\t<\/div>\n\t\t\t\t<div class=\"elementor-element elementor-element-78f9c8a elementor-widget elementor-widget-text-editor\" data-id=\"78f9c8a\" data-element_type=\"widget\" data-e-type=\"widget\" data-widget_type=\"text-editor.default\">\n\t\t\t\t\t\t\t\t\t<p>Logistika, skladov\u00e9 hospod\u00e1\u0159stv\u00ed a technick\u00e1 dokumentace.<\/p>\t\t\t\t\t\t\t\t<\/div>\n\t\t\t\t<div class=\"elementor-element elementor-element-18a6ddb elementor-widget elementor-widget-button\" data-id=\"18a6ddb\" data-element_type=\"widget\" data-e-type=\"widget\" data-widget_type=\"button.default\">\n\t\t\t\t\t\t\t\t\t\t<a class=\"elementor-button elementor-button-link elementor-size-sm\" href=\"https:\/\/imet-ake.sk\/cs\/podpurne-systemy\/\">\n\t\t\t\t\t\t<span class=\"elementor-button-content-wrapper\">\n\t\t\t\t\t\t<span class=\"elementor-button-icon\">\n\t\t\t\t<svg aria-hidden=\"true\" class=\"e-font-icon-svg e-fas-long-arrow-alt-right\" viewBox=\"0 0 448 512\" xmlns=\"http:\/\/www.w3.org\/2000\/svg\"><path d=\"M313.941 216H12c-6.627 0-12 5.373-12 12v56c0 6.627 5.373 12 12 12h301.941v46.059c0 21.382 25.851 32.09 40.971 16.971l86.059-86.059c9.373-9.373 9.373-24.569 0-33.941l-86.059-86.059c-15.119-15.119-40.971-4.411-40.971 16.971V216z\"><\/path><\/svg>\t\t\t<\/span>\n\t\t\t\t\t\t\t\t\t<span class=\"elementor-button-text\">V\u00edce informac\u00ed<\/span>\n\t\t\t\t\t<\/span>\n\t\t\t\t\t<\/a>\n\t\t\t\t\t\t\t\t<\/div>\n\t\t\t\t<\/div>\n\t\t<div class=\"elementor-element elementor-element-8d60b9d e-con-full e-flex e-con e-child\" data-id=\"8d60b9d\" data-element_type=\"container\" data-e-type=\"container\" data-settings=\"{&quot;background_background&quot;:&quot;classic&quot;}\">\n\t\t\t\t<div class=\"elementor-element elementor-element-9261200 elementor-view-default elementor-invisible elementor-widget elementor-widget-icon\" data-id=\"9261200\" data-element_type=\"widget\" data-e-type=\"widget\" data-settings=\"{&quot;_animation&quot;:&quot;zoomIn&quot;}\" data-widget_type=\"icon.default\">\n\t\t\t\t\t\t\t<div class=\"elementor-icon-wrapper\">\n\t\t\t<div class=\"elementor-icon\">\n\t\t\t<svg xmlns=\"http:\/\/www.w3.org\/2000\/svg\" width=\"24\" height=\"24\" viewBox=\"0 0 24 24\" fill=\"none\" stroke=\"#a0004a\" stroke-width=\"2\" stroke-linecap=\"round\" stroke-linejoin=\"round\" class=\"lucide lucide-user-search-icon lucide-user-search\"><circle cx=\"10\" cy=\"7\" r=\"4\"><\/circle><path d=\"M10.3 15H7a4 4 0 0 0-4 4v2\"><\/path><circle cx=\"17\" cy=\"17\" r=\"3\"><\/circle><path d=\"m21 21-1.9-1.9\"><\/path><\/svg>\t\t\t<\/div>\n\t\t<\/div>\n\t\t\t\t\t\t<\/div>\n\t\t\t\t<div class=\"elementor-element elementor-element-2e2a7c6 elementor-widget elementor-widget-heading\" data-id=\"2e2a7c6\" data-element_type=\"widget\" data-e-type=\"widget\" data-widget_type=\"heading.default\">\n\t\t\t\t\t<h3 class=\"elementor-heading-title elementor-size-default\">Poradenstv\u00ed<\/h3>\t\t\t\t<\/div>\n\t\t\t\t<div class=\"elementor-element elementor-element-60ed39b elementor-widget elementor-widget-text-editor\" data-id=\"60ed39b\" data-element_type=\"widget\" data-e-type=\"widget\" data-widget_type=\"text-editor.default\">\n\t\t\t\t\t\t\t\t\t<p>Konzultace, \u0161kolen\u00ed a optimalizace proces\u016f.<\/p>\t\t\t\t\t\t\t\t<\/div>\n\t\t\t\t<div class=\"elementor-element elementor-element-63993c5 elementor-widget elementor-widget-button\" data-id=\"63993c5\" data-element_type=\"widget\" data-e-type=\"widget\" data-widget_type=\"button.default\">\n\t\t\t\t\t\t\t\t\t\t<a class=\"elementor-button elementor-button-link elementor-size-sm\" href=\"https:\/\/imet-ake.sk\/cs\/poradenstvi\/\">\n\t\t\t\t\t\t<span class=\"elementor-button-content-wrapper\">\n\t\t\t\t\t\t<span class=\"elementor-button-icon\">\n\t\t\t\t<svg aria-hidden=\"true\" class=\"e-font-icon-svg e-fas-long-arrow-alt-right\" viewBox=\"0 0 448 512\" xmlns=\"http:\/\/www.w3.org\/2000\/svg\"><path d=\"M313.941 216H12c-6.627 0-12 5.373-12 12v56c0 6.627 5.373 12 12 12h301.941v46.059c0 21.382 25.851 32.09 40.971 16.971l86.059-86.059c9.373-9.373 9.373-24.569 0-33.941l-86.059-86.059c-15.119-15.119-40.971-4.411-40.971 16.971V216z\"><\/path><\/svg>\t\t\t<\/span>\n\t\t\t\t\t\t\t\t\t<span class=\"elementor-button-text\">P\u0159ej\u00edt na poradenstv\u00ed<\/span>\n\t\t\t\t\t<\/span>\n\t\t\t\t\t<\/a>\n\t\t\t\t\t\t\t\t<\/div>\n\t\t\t\t<\/div>\n\t\t\t\t<\/div>\n\t\t\t\t\t<\/div>\n\t\t\t\t<\/div>\n\t\t\t\t<\/div>\n\t\t","protected":false},"excerpt":{"rendered":"<p>IMET3D Service Od technick\u00fdch komponent\u016f a\u017e po diagnostiku, vyva\u017eov\u00e1n\u00ed \u010di laserov\u00e9 ustavov\u00e1n\u00ed \u2013 spojujeme technologie a slu\u017eby, kter\u00e9 prodlu\u017euj\u00ed \u017eivotnost va\u0161ich stroj\u016f a sni\u017euj\u00ed riziko nepl\u00e1novan\u00fdch odst\u00e1vek. Servisn\u00ed slu\u017eby Diagnostika, renovace a p\u0159esn\u00e9 laserov\u00e9 ustavov\u00e1n\u00ed stroj\u016f. P\u0159ej\u00edt na slu\u017eby Digit\u00e1ln\u00ed n\u00e1stroje Aplikace pro v\u00fdb\u011br lo\u017eisek, maziv a v\u00fdpo\u010dty \u017eivotnosti. P\u0159ej\u00edt na n\u00e1stroje Podp\u016frn\u00e9 syst\u00e9my Logistika, [&hellip;]<\/p>\n","protected":false},"author":1,"featured_media":0,"parent":0,"menu_order":0,"comment_status":"closed","ping_status":"closed","template":"","meta":{"_seopress_robots_primary_cat":"","_seopress_titles_title":"IMET3D Service \u2013 diagnostika a laserov\u00e9 ustavov\u00e1n\u00ed","_seopress_titles_desc":"Komplexn\u00ed servisn\u00ed slu\u017eby od diagnostiky a\u017e po laserov\u00e9 ustavov\u00e1n\u00ed stroj\u016f. Prodlu\u017eujeme \u017eivotnost va\u0161ich za\u0159\u00edzen\u00ed a sni\u017eujeme riziko odst\u00e1vek.","_seopress_robots_index":"","iawp_total_views":10,"footnotes":""},"class_list":["post-3563","page","type-page","status-publish","hentry"],"_links":{"self":[{"href":"https:\/\/imet-ake.sk\/cs\/wp-json\/wp\/v2\/pages\/3563","targetHints":{"allow":["GET"]}}],"collection":[{"href":"https:\/\/imet-ake.sk\/cs\/wp-json\/wp\/v2\/pages"}],"about":[{"href":"https:\/\/imet-ake.sk\/cs\/wp-json\/wp\/v2\/types\/page"}],"author":[{"embeddable":true,"href":"https:\/\/imet-ake.sk\/cs\/wp-json\/wp\/v2\/users\/1"}],"replies":[{"embeddable":true,"href":"https:\/\/imet-ake.sk\/cs\/wp-json\/wp\/v2\/comments?post=3563"}],"version-history":[{"count":0,"href":"https:\/\/imet-ake.sk\/cs\/wp-json\/wp\/v2\/pages\/3563\/revisions"}],"wp:attachment":[{"href":"https:\/\/imet-ake.sk\/cs\/wp-json\/wp\/v2\/media?parent=3563"}],"curies":[{"name":"wp","href":"https:\/\/api.w.org\/{rel}","templated":true}]}}